{"id":652,"date":"2023-12-06T09:28:21","date_gmt":"2023-12-06T08:28:21","guid":{"rendered":"https:\/\/wildepfalz.de\/shop\/unkategorisiert\/reh-ruecken\/"},"modified":"2025-04-15T17:48:22","modified_gmt":"2025-04-15T15:48:22","slug":"reh-ruecken","status":"publish","type":"product","link":"https:\/\/wildepfalz.de\/?product=reh-ruecken","title":{"rendered":"Reh R\u00fccken"},"content":{"rendered":"<p>Ein exquisites St\u00fcck Fleisch. Der Rehr\u00fccken kann am St\u00fcck gebraten oder in Medaillons geschnitten und kurz angebraten werden. Ideal serviert mit einer fruchtigen Sauce oder einer Wildkr\u00e4uterkruste.<\/p>\n","protected":false},"excerpt":{"rendered":"<p>Ein exquisites St\u00fcck Fleisch. Der Rehr\u00fccken kann am St\u00fcck gebraten oder in Medaillons geschnitten und kurz angebraten werden. Ideal serviert mit einer fruchtigen Sauce oder einer Wildkr\u00e4uterkruste.<\/p>\n","protected":false},"featured_media":464,"template":"","meta":[],"product_brand":[],"product_cat":[63],"product_tag":[69],"class_list":{"0":"post-652","1":"product","2":"type-product","3":"status-publish","4":"has-post-thumbnail","6":"product_cat-wildfleisch","7":"product_tag-reh","9":"first","10":"instock","11":"taxable","12":"shipping-taxable","13":"purchasable","14":"product-type-simple"},"_links":{"self":[{"href":"https:\/\/wildepfalz.de\/index.php?rest_route=\/wp\/v2\/product\/652","targetHints":{"allow":["GET"]}}],"collection":[{"href":"https:\/\/wildepfalz.de\/index.php?rest_route=\/wp\/v2\/product"}],"about":[{"href":"https:\/\/wildepfalz.de\/index.php?rest_route=\/wp\/v2\/types\/product"}],"version-history":[{"count":1,"href":"https:\/\/wildepfalz.de\/index.php?rest_route=\/wp\/v2\/product\/652\/revisions"}],"predecessor-version":[{"id":653,"href":"https:\/\/wildepfalz.de\/index.php?rest_route=\/wp\/v2\/product\/652\/revisions\/653"}],"wp:featuredmedia":[{"embeddable":true,"href":"https:\/\/wildepfalz.de\/index.php?rest_route=\/wp\/v2\/media\/464"}],"wp:attachment":[{"href":"https:\/\/wildepfalz.de\/index.php?rest_route=%2Fwp%2Fv2%2Fmedia&parent=652"}],"wp:term":[{"taxonomy":"product_brand","embeddable":true,"href":"https:\/\/wildepfalz.de\/index.php?rest_route=%2Fwp%2Fv2%2Fproduct_brand&post=652"},{"taxonomy":"product_cat","embeddable":true,"href":"https:\/\/wildepfalz.de\/index.php?rest_route=%2Fwp%2Fv2%2Fproduct_cat&post=652"},{"taxonomy":"product_tag","embeddable":true,"href":"https:\/\/wildepfalz.de\/index.php?rest_route=%2Fwp%2Fv2%2Fproduct_tag&post=652"}],"curies":[{"name":"wp","href":"https:\/\/api.w.org\/{rel}","templated":true}]}}