{"id":650,"date":"2023-12-06T09:28:21","date_gmt":"2023-12-06T08:28:21","guid":{"rendered":"https:\/\/wildepfalz.de\/shop\/unkategorisiert\/hirsch-filets\/"},"modified":"2025-04-15T17:48:30","modified_gmt":"2025-04-15T15:48:30","slug":"hirsch-filets","status":"publish","type":"product","link":"https:\/\/wildepfalz.de\/?product=hirsch-filets","title":{"rendered":"Hirsch Filets"},"content":{"rendered":"<p>Zarte und saftige Filets, H\u00f6hepunkt jedes gehobenen Men\u00fcs. Empfohlen f\u00fcr kurzes Anbraten oder Grillen, um die zarte Textur und den feinen Geschmack zu bewahren<\/p>\n","protected":false},"excerpt":{"rendered":"<p>Zarte und saftige Filets, H\u00f6hepunkt jedes gehobenen Men\u00fcs. Empfohlen f\u00fcr kurzes Anbraten oder Grillen, um die zarte Textur und den feinen Geschmack zu bewahren<\/p>\n","protected":false},"featured_media":456,"template":"","meta":[],"product_brand":[],"product_cat":[63],"product_tag":[70],"class_list":{"0":"post-650","1":"product","2":"type-product","3":"status-publish","4":"has-post-thumbnail","6":"product_cat-wildfleisch","7":"product_tag-hirsch","9":"first","10":"instock","11":"taxable","12":"shipping-taxable","13":"purchasable","14":"product-type-simple"},"_links":{"self":[{"href":"https:\/\/wildepfalz.de\/index.php?rest_route=\/wp\/v2\/product\/650","targetHints":{"allow":["GET"]}}],"collection":[{"href":"https:\/\/wildepfalz.de\/index.php?rest_route=\/wp\/v2\/product"}],"about":[{"href":"https:\/\/wildepfalz.de\/index.php?rest_route=\/wp\/v2\/types\/product"}],"version-history":[{"count":1,"href":"https:\/\/wildepfalz.de\/index.php?rest_route=\/wp\/v2\/product\/650\/revisions"}],"predecessor-version":[{"id":651,"href":"https:\/\/wildepfalz.de\/index.php?rest_route=\/wp\/v2\/product\/650\/revisions\/651"}],"wp:featuredmedia":[{"embeddable":true,"href":"https:\/\/wildepfalz.de\/index.php?rest_route=\/wp\/v2\/media\/456"}],"wp:attachment":[{"href":"https:\/\/wildepfalz.de\/index.php?rest_route=%2Fwp%2Fv2%2Fmedia&parent=650"}],"wp:term":[{"taxonomy":"product_brand","embeddable":true,"href":"https:\/\/wildepfalz.de\/index.php?rest_route=%2Fwp%2Fv2%2Fproduct_brand&post=650"},{"taxonomy":"product_cat","embeddable":true,"href":"https:\/\/wildepfalz.de\/index.php?rest_route=%2Fwp%2Fv2%2Fproduct_cat&post=650"},{"taxonomy":"product_tag","embeddable":true,"href":"https:\/\/wildepfalz.de\/index.php?rest_route=%2Fwp%2Fv2%2Fproduct_tag&post=650"}],"curies":[{"name":"wp","href":"https:\/\/api.w.org\/{rel}","templated":true}]}}