{"id":648,"date":"2023-12-06T09:28:21","date_gmt":"2023-12-06T08:28:21","guid":{"rendered":"https:\/\/wildepfalz.de\/shop\/unkategorisiert\/hirsch-ruecken\/"},"modified":"2025-04-15T17:48:04","modified_gmt":"2025-04-15T15:48:04","slug":"hirsch-ruecken","status":"publish","type":"product","link":"https:\/\/wildepfalz.de\/?product=hirsch-ruecken","title":{"rendered":"Hirsch R\u00fccken"},"content":{"rendered":"<p>Erstklassiges R\u00fcckenst\u00fcck f\u00fcr Filet oder Ganzbraten. Besonders zart, ideal f\u00fcr besondere Anl\u00e4sse, serviert mit einer reichhaltigen Sauce.<\/p>\n","protected":false},"excerpt":{"rendered":"<p>Erstklassiges R\u00fcckenst\u00fcck f\u00fcr Filet oder Ganzbraten. Besonders zart, ideal f\u00fcr besondere Anl\u00e4sse, serviert mit einer reichhaltigen Sauce.<\/p>\n","protected":false},"featured_media":457,"template":"","meta":[],"product_brand":[],"product_cat":[63],"product_tag":[70],"class_list":{"0":"post-648","1":"product","2":"type-product","3":"status-publish","4":"has-post-thumbnail","6":"product_cat-wildfleisch","7":"product_tag-hirsch","9":"first","10":"instock","11":"taxable","12":"shipping-taxable","13":"purchasable","14":"product-type-simple"},"_links":{"self":[{"href":"https:\/\/wildepfalz.de\/index.php?rest_route=\/wp\/v2\/product\/648","targetHints":{"allow":["GET"]}}],"collection":[{"href":"https:\/\/wildepfalz.de\/index.php?rest_route=\/wp\/v2\/product"}],"about":[{"href":"https:\/\/wildepfalz.de\/index.php?rest_route=\/wp\/v2\/types\/product"}],"version-history":[{"count":2,"href":"https:\/\/wildepfalz.de\/index.php?rest_route=\/wp\/v2\/product\/648\/revisions"}],"predecessor-version":[{"id":1061,"href":"https:\/\/wildepfalz.de\/index.php?rest_route=\/wp\/v2\/product\/648\/revisions\/1061"}],"wp:featuredmedia":[{"embeddable":true,"href":"https:\/\/wildepfalz.de\/index.php?rest_route=\/wp\/v2\/media\/457"}],"wp:attachment":[{"href":"https:\/\/wildepfalz.de\/index.php?rest_route=%2Fwp%2Fv2%2Fmedia&parent=648"}],"wp:term":[{"taxonomy":"product_brand","embeddable":true,"href":"https:\/\/wildepfalz.de\/index.php?rest_route=%2Fwp%2Fv2%2Fproduct_brand&post=648"},{"taxonomy":"product_cat","embeddable":true,"href":"https:\/\/wildepfalz.de\/index.php?rest_route=%2Fwp%2Fv2%2Fproduct_cat&post=648"},{"taxonomy":"product_tag","embeddable":true,"href":"https:\/\/wildepfalz.de\/index.php?rest_route=%2Fwp%2Fv2%2Fproduct_tag&post=648"}],"curies":[{"name":"wp","href":"https:\/\/api.w.org\/{rel}","templated":true}]}}