{"id":642,"date":"2023-12-06T09:28:20","date_gmt":"2023-12-06T08:28:20","guid":{"rendered":"https:\/\/wildepfalz.de\/shop\/unkategorisiert\/hirsch-gulasch\/"},"modified":"2025-04-15T18:40:15","modified_gmt":"2025-04-15T16:40:15","slug":"hirsch-gulasch","status":"publish","type":"product","link":"https:\/\/wildepfalz.de\/?product=hirsch-gulasch","title":{"rendered":"Hirsch Gulasch"},"content":{"rendered":"<p>Zart gew\u00fcrfeltes Hirschfleisch, ideal f\u00fcr ein herzhaftes Gulasch. Empfohlen f\u00fcr Schmorgerichte, um den vollen Wildgeschmack zu entfalten.<\/p>\n","protected":false},"excerpt":{"rendered":"<p>Zart gew\u00fcrfeltes Hirschfleisch, ideal f\u00fcr ein herzhaftes Gulasch. Empfohlen f\u00fcr Schmorgerichte, um den vollen Wildgeschmack zu entfalten.<\/p>\n","protected":false},"featured_media":460,"template":"","meta":[],"product_brand":[],"product_cat":[63],"product_tag":[70],"class_list":{"0":"post-642","1":"product","2":"type-product","3":"status-publish","4":"has-post-thumbnail","6":"product_cat-wildfleisch","7":"product_tag-hirsch","9":"first","10":"outofstock","11":"taxable","12":"shipping-taxable","13":"purchasable","14":"product-type-simple"},"_links":{"self":[{"href":"https:\/\/wildepfalz.de\/index.php?rest_route=\/wp\/v2\/product\/642","targetHints":{"allow":["GET"]}}],"collection":[{"href":"https:\/\/wildepfalz.de\/index.php?rest_route=\/wp\/v2\/product"}],"about":[{"href":"https:\/\/wildepfalz.de\/index.php?rest_route=\/wp\/v2\/types\/product"}],"version-history":[{"count":1,"href":"https:\/\/wildepfalz.de\/index.php?rest_route=\/wp\/v2\/product\/642\/revisions"}],"predecessor-version":[{"id":643,"href":"https:\/\/wildepfalz.de\/index.php?rest_route=\/wp\/v2\/product\/642\/revisions\/643"}],"wp:featuredmedia":[{"embeddable":true,"href":"https:\/\/wildepfalz.de\/index.php?rest_route=\/wp\/v2\/media\/460"}],"wp:attachment":[{"href":"https:\/\/wildepfalz.de\/index.php?rest_route=%2Fwp%2Fv2%2Fmedia&parent=642"}],"wp:term":[{"taxonomy":"product_brand","embeddable":true,"href":"https:\/\/wildepfalz.de\/index.php?rest_route=%2Fwp%2Fv2%2Fproduct_brand&post=642"},{"taxonomy":"product_cat","embeddable":true,"href":"https:\/\/wildepfalz.de\/index.php?rest_route=%2Fwp%2Fv2%2Fproduct_cat&post=642"},{"taxonomy":"product_tag","embeddable":true,"href":"https:\/\/wildepfalz.de\/index.php?rest_route=%2Fwp%2Fv2%2Fproduct_tag&post=642"}],"curies":[{"name":"wp","href":"https:\/\/api.w.org\/{rel}","templated":true}]}}