{"id":638,"date":"2023-12-06T09:28:20","date_gmt":"2023-12-06T08:28:20","guid":{"rendered":"https:\/\/wildepfalz.de\/shop\/unkategorisiert\/wildschwein-ruecken\/"},"modified":"2025-12-18T18:40:12","modified_gmt":"2025-12-18T17:40:12","slug":"wildschwein-ruecken","status":"publish","type":"product","link":"https:\/\/wildepfalz.de\/?product=wildschwein-ruecken","title":{"rendered":"Wildschwein R\u00fccken"},"content":{"rendered":"<p>Eines der edlen St\u00fccke, zum grillen oder kurz anbraten . Besonders geeignet f\u00fcr festliche Anl\u00e4sse, serviert mit einer raffinierten Sauce oder als Teil eines Gourmetbratens.<\/p>\n","protected":false},"excerpt":{"rendered":"<p>Eines der edlen St\u00fccke, zum grillen oder kurz anbraten . Besonders geeignet f\u00fcr festliche Anl\u00e4sse, serviert mit einer raffinierten Sauce oder als Teil eines Gourmetbratens.<\/p>\n","protected":false},"featured_media":470,"template":"","meta":[],"product_brand":[],"product_cat":[63],"product_tag":[61],"class_list":{"0":"post-638","1":"product","2":"type-product","3":"status-publish","4":"has-post-thumbnail","6":"product_cat-wildfleisch","7":"product_tag-wildschwein","9":"first","10":"outofstock","11":"taxable","12":"shipping-taxable","13":"purchasable","14":"product-type-simple"},"_links":{"self":[{"href":"https:\/\/wildepfalz.de\/index.php?rest_route=\/wp\/v2\/product\/638","targetHints":{"allow":["GET"]}}],"collection":[{"href":"https:\/\/wildepfalz.de\/index.php?rest_route=\/wp\/v2\/product"}],"about":[{"href":"https:\/\/wildepfalz.de\/index.php?rest_route=\/wp\/v2\/types\/product"}],"version-history":[{"count":1,"href":"https:\/\/wildepfalz.de\/index.php?rest_route=\/wp\/v2\/product\/638\/revisions"}],"predecessor-version":[{"id":639,"href":"https:\/\/wildepfalz.de\/index.php?rest_route=\/wp\/v2\/product\/638\/revisions\/639"}],"wp:featuredmedia":[{"embeddable":true,"href":"https:\/\/wildepfalz.de\/index.php?rest_route=\/wp\/v2\/media\/470"}],"wp:attachment":[{"href":"https:\/\/wildepfalz.de\/index.php?rest_route=%2Fwp%2Fv2%2Fmedia&parent=638"}],"wp:term":[{"taxonomy":"product_brand","embeddable":true,"href":"https:\/\/wildepfalz.de\/index.php?rest_route=%2Fwp%2Fv2%2Fproduct_brand&post=638"},{"taxonomy":"product_cat","embeddable":true,"href":"https:\/\/wildepfalz.de\/index.php?rest_route=%2Fwp%2Fv2%2Fproduct_cat&post=638"},{"taxonomy":"product_tag","embeddable":true,"href":"https:\/\/wildepfalz.de\/index.php?rest_route=%2Fwp%2Fv2%2Fproduct_tag&post=638"}],"curies":[{"name":"wp","href":"https:\/\/api.w.org\/{rel}","templated":true}]}}