{"id":634,"date":"2023-12-06T09:28:20","date_gmt":"2023-12-06T08:28:20","guid":{"rendered":"https:\/\/wildepfalz.de\/shop\/unkategorisiert\/wildschwein-steaks\/"},"modified":"2025-04-15T16:58:32","modified_gmt":"2025-04-15T14:58:32","slug":"wildschwein-steaks","status":"publish","type":"product","link":"https:\/\/wildepfalz.de\/?product=wildschwein-steaks","title":{"rendered":"Wildschwein Steaks"},"content":{"rendered":"<p>Diese Steaks sind ideal f\u00fcr den Grill oder die Pfanne. Sie sollten kurz und scharf angebraten werden, um die au\u00dfen knusprige und innen saftige Textur zu erzielen. Perfekt mit einer w\u00fcrzigen Marinade oder einfach mit Salz und Pfeffer.<\/p>\n","protected":false},"excerpt":{"rendered":"<p>Diese Steaks sind ideal f\u00fcr den Grill oder die Pfanne. Sie sollten kurz und scharf angebraten werden, um die au\u00dfen knusprige und innen saftige Textur zu erzielen. Perfekt mit einer w\u00fcrzigen Marinade oder einfach mit Salz und Pfeffer.<\/p>\n","protected":false},"featured_media":467,"template":"","meta":[],"product_brand":[],"product_cat":[15],"product_tag":[61],"class_list":{"0":"post-634","1":"product","2":"type-product","3":"status-publish","4":"has-post-thumbnail","6":"product_cat-unkategorisiert","7":"product_tag-wildschwein","9":"first","10":"instock","11":"taxable","12":"shipping-taxable","13":"product-type-simple"},"_links":{"self":[{"href":"https:\/\/wildepfalz.de\/index.php?rest_route=\/wp\/v2\/product\/634","targetHints":{"allow":["GET"]}}],"collection":[{"href":"https:\/\/wildepfalz.de\/index.php?rest_route=\/wp\/v2\/product"}],"about":[{"href":"https:\/\/wildepfalz.de\/index.php?rest_route=\/wp\/v2\/types\/product"}],"version-history":[{"count":1,"href":"https:\/\/wildepfalz.de\/index.php?rest_route=\/wp\/v2\/product\/634\/revisions"}],"predecessor-version":[{"id":635,"href":"https:\/\/wildepfalz.de\/index.php?rest_route=\/wp\/v2\/product\/634\/revisions\/635"}],"wp:featuredmedia":[{"embeddable":true,"href":"https:\/\/wildepfalz.de\/index.php?rest_route=\/wp\/v2\/media\/467"}],"wp:attachment":[{"href":"https:\/\/wildepfalz.de\/index.php?rest_route=%2Fwp%2Fv2%2Fmedia&parent=634"}],"wp:term":[{"taxonomy":"product_brand","embeddable":true,"href":"https:\/\/wildepfalz.de\/index.php?rest_route=%2Fwp%2Fv2%2Fproduct_brand&post=634"},{"taxonomy":"product_cat","embeddable":true,"href":"https:\/\/wildepfalz.de\/index.php?rest_route=%2Fwp%2Fv2%2Fproduct_cat&post=634"},{"taxonomy":"product_tag","embeddable":true,"href":"https:\/\/wildepfalz.de\/index.php?rest_route=%2Fwp%2Fv2%2Fproduct_tag&post=634"}],"curies":[{"name":"wp","href":"https:\/\/api.w.org\/{rel}","templated":true}]}}