{"id":271,"date":"2023-11-18T22:18:41","date_gmt":"2023-11-18T21:18:41","guid":{"rendered":"https:\/\/wildepfalz.de\/?post_type=product&#038;p=271"},"modified":"2025-04-15T17:08:25","modified_gmt":"2025-04-15T15:08:25","slug":"wild-saumagen","status":"publish","type":"product","link":"https:\/\/wildepfalz.de\/?product=wild-saumagen","title":{"rendered":"Wild-Saumagen"},"content":{"rendered":"<h3>Wild-Saumagen,<\/h3>\n<p>aus bestem mageren Wildfleisch, grob gek\u00f6rnt, meisterlich abgeschmeckt mit edlen Gew\u00fcrzen und aromatischen Kr\u00e4utern.<\/p>\n<p>Original mit Kartoffelst\u00fcckchen. Zubereitung: In der Pfanne von beiden Seiten goldbraun braten oder einfach in der Mikrowelle erw\u00e4rmen.<\/p>\n<p>Der Pf\u00e4lzer Saumagen ist wohl die bekannteste und beliebteste Spezialit\u00e4t der pf\u00e4lzischen K\u00fcche.<\/p>\n<p>Auch wenn die Menschen au\u00dferhalb von Rheinland-Pfalz bereits erschrecken, wenn sie nur die Bezeichnung \u00bbSaumagen\u00ab h\u00f6ren, geht dem Pf\u00e4lzer nichts \u00fcber \u00bbseinen\u00ab Saumagen.<\/p>\n<p>Und der Pf\u00e4lzer wei\u00df, was gut ist.<\/p>\n<p>Der klassische Pf\u00e4lzer Saumagen wird in der Art einer Br\u00fchwurst oder Kartoffelwurst zubereitet.<\/p>\n","protected":false},"excerpt":{"rendered":"<p>Wild-Saumagen, aus bestem mageren Wildfleisch, grob gek\u00f6rnt, meisterlich abgeschmeckt mit edlen Gew\u00fcrzen und aromatischen Kr\u00e4utern. Original mit Kartoffelst\u00fcckchen. Zubereitung: In der Pfanne von beiden Seiten goldbraun braten oder einfach in der Mikrowelle erw\u00e4rmen. Der Pf\u00e4lzer Saumagen ist wohl die bekannteste und beliebteste Spezialit\u00e4t der pf\u00e4lzischen K\u00fcche. Auch wenn die Menschen au\u00dferhalb von Rheinland-Pfalz bereits erschrecken, [&hellip;]<\/p>\n","protected":false},"featured_media":310,"template":"","meta":[],"product_brand":[],"product_cat":[43,26],"product_tag":[47,45,48,49],"class_list":{"0":"post-271","1":"product","2":"type-product","3":"status-publish","4":"has-post-thumbnail","6":"product_cat-wildedosen","7":"product_cat-wildprodukte","8":"product_tag-saumagen","9":"product_tag-wild-in-dosen","10":"product_tag-wildedosen","11":"product_tag-wildsaumagen","13":"first","14":"instock","15":"taxable","16":"shipping-taxable","17":"purchasable","18":"product-type-simple"},"_links":{"self":[{"href":"https:\/\/wildepfalz.de\/index.php?rest_route=\/wp\/v2\/product\/271","targetHints":{"allow":["GET"]}}],"collection":[{"href":"https:\/\/wildepfalz.de\/index.php?rest_route=\/wp\/v2\/product"}],"about":[{"href":"https:\/\/wildepfalz.de\/index.php?rest_route=\/wp\/v2\/types\/product"}],"version-history":[{"count":2,"href":"https:\/\/wildepfalz.de\/index.php?rest_route=\/wp\/v2\/product\/271\/revisions"}],"predecessor-version":[{"id":1103,"href":"https:\/\/wildepfalz.de\/index.php?rest_route=\/wp\/v2\/product\/271\/revisions\/1103"}],"wp:featuredmedia":[{"embeddable":true,"href":"https:\/\/wildepfalz.de\/index.php?rest_route=\/wp\/v2\/media\/310"}],"wp:attachment":[{"href":"https:\/\/wildepfalz.de\/index.php?rest_route=%2Fwp%2Fv2%2Fmedia&parent=271"}],"wp:term":[{"taxonomy":"product_brand","embeddable":true,"href":"https:\/\/wildepfalz.de\/index.php?rest_route=%2Fwp%2Fv2%2Fproduct_brand&post=271"},{"taxonomy":"product_cat","embeddable":true,"href":"https:\/\/wildepfalz.de\/index.php?rest_route=%2Fwp%2Fv2%2Fproduct_cat&post=271"},{"taxonomy":"product_tag","embeddable":true,"href":"https:\/\/wildepfalz.de\/index.php?rest_route=%2Fwp%2Fv2%2Fproduct_tag&post=271"}],"curies":[{"name":"wp","href":"https:\/\/api.w.org\/{rel}","templated":true}]}}