{"id":269,"date":"2023-11-18T22:18:41","date_gmt":"2023-11-18T21:18:41","guid":{"rendered":"https:\/\/wildepfalz.de\/?post_type=product&#038;p=269"},"modified":"2025-04-15T16:53:15","modified_gmt":"2025-04-15T14:53:15","slug":"wild-burger-patties","status":"publish","type":"product","link":"https:\/\/wildepfalz.de\/?product=wild-burger-patties","title":{"rendered":"Reh-Burger-Patties"},"content":{"rendered":"<p>Reh-Burger-Patties<\/p>\n<p>100% Wildfleisch, lediglich mit Gew\u00fcrzen verfeiner.<\/p>\n<p>zu je 4 St. verpackt und f\u00fcr gro\u00dfe Burgerbr\u00f6tchen<\/p>\n<p>ebenfalls f\u00fcr den Grill unsere <a href=\"https:\/\/wildepfalz.de\/produkt\/wildbratwurst-halbgrob\/\">Wildbratwurst<\/a><\/p>\n","protected":false},"excerpt":{"rendered":"<p>Reh-Burger-Patties 100% Wildfleisch, lediglich mit Gew\u00fcrzen verfeiner. zu je 4 St. verpackt und f\u00fcr gro\u00dfe Burgerbr\u00f6tchen ebenfalls f\u00fcr den Grill unsere Wildbratwurst<\/p>\n","protected":false},"featured_media":304,"template":"","meta":[],"product_brand":[],"product_cat":[26],"product_tag":[38,39,40,41,42],"class_list":{"0":"post-269","1":"product","2":"type-product","3":"status-publish","4":"has-post-thumbnail","6":"product_cat-wildprodukte","7":"product_tag-burger","8":"product_tag-burgerpatties","9":"product_tag-wildaufwild","10":"product_tag-wildburger","11":"product_tag-wildfleisch","13":"first","14":"instock","15":"taxable","16":"shipping-taxable","17":"purchasable","18":"product-type-simple"},"_links":{"self":[{"href":"https:\/\/wildepfalz.de\/index.php?rest_route=\/wp\/v2\/product\/269","targetHints":{"allow":["GET"]}}],"collection":[{"href":"https:\/\/wildepfalz.de\/index.php?rest_route=\/wp\/v2\/product"}],"about":[{"href":"https:\/\/wildepfalz.de\/index.php?rest_route=\/wp\/v2\/types\/product"}],"version-history":[{"count":2,"href":"https:\/\/wildepfalz.de\/index.php?rest_route=\/wp\/v2\/product\/269\/revisions"}],"predecessor-version":[{"id":621,"href":"https:\/\/wildepfalz.de\/index.php?rest_route=\/wp\/v2\/product\/269\/revisions\/621"}],"wp:featuredmedia":[{"embeddable":true,"href":"https:\/\/wildepfalz.de\/index.php?rest_route=\/wp\/v2\/media\/304"}],"wp:attachment":[{"href":"https:\/\/wildepfalz.de\/index.php?rest_route=%2Fwp%2Fv2%2Fmedia&parent=269"}],"wp:term":[{"taxonomy":"product_brand","embeddable":true,"href":"https:\/\/wildepfalz.de\/index.php?rest_route=%2Fwp%2Fv2%2Fproduct_brand&post=269"},{"taxonomy":"product_cat","embeddable":true,"href":"https:\/\/wildepfalz.de\/index.php?rest_route=%2Fwp%2Fv2%2Fproduct_cat&post=269"},{"taxonomy":"product_tag","embeddable":true,"href":"https:\/\/wildepfalz.de\/index.php?rest_route=%2Fwp%2Fv2%2Fproduct_tag&post=269"}],"curies":[{"name":"wp","href":"https:\/\/api.w.org\/{rel}","templated":true}]}}