{"id":265,"date":"2023-11-18T22:18:40","date_gmt":"2023-11-18T21:18:40","guid":{"rendered":"https:\/\/wildepfalz.de\/?post_type=product&#038;p=265"},"modified":"2025-04-15T16:53:50","modified_gmt":"2025-04-15T14:53:50","slug":"wildbratwurst-halbgrob","status":"publish","type":"product","link":"https:\/\/wildepfalz.de\/?product=wildbratwurst-halbgrob","title":{"rendered":"Wildbratwurst halbgrob"},"content":{"rendered":"<h3>Wildbratwurst halbgrob<\/h3>\n<div>die Feine, f\u00fcr alle die es nicht so grob m\u00f6gen!<\/div>\n<div>immer zu je 4 St\u00fcck abgepackt (1Bratwurst ca 125gr)<\/div>\n","protected":false},"excerpt":{"rendered":"<p>Wildbratwurst halbgrob die Feine, f\u00fcr alle die es nicht so grob m\u00f6gen! immer zu je 4 St\u00fcck abgepackt (1Bratwurst ca 125gr)<\/p>\n","protected":false},"featured_media":296,"template":"","meta":[],"product_brand":[],"product_cat":[26],"product_tag":[27,28,29],"class_list":{"0":"post-265","1":"product","2":"type-product","3":"status-publish","4":"has-post-thumbnail","6":"product_cat-wildprodukte","7":"product_tag-bratwurst","8":"product_tag-wildbratwurst","9":"product_tag-wildgriller","11":"first","12":"instock","13":"taxable","14":"shipping-taxable","15":"purchasable","16":"product-type-simple"},"_links":{"self":[{"href":"https:\/\/wildepfalz.de\/index.php?rest_route=\/wp\/v2\/product\/265","targetHints":{"allow":["GET"]}}],"collection":[{"href":"https:\/\/wildepfalz.de\/index.php?rest_route=\/wp\/v2\/product"}],"about":[{"href":"https:\/\/wildepfalz.de\/index.php?rest_route=\/wp\/v2\/types\/product"}],"version-history":[{"count":1,"href":"https:\/\/wildepfalz.de\/index.php?rest_route=\/wp\/v2\/product\/265\/revisions"}],"predecessor-version":[{"id":297,"href":"https:\/\/wildepfalz.de\/index.php?rest_route=\/wp\/v2\/product\/265\/revisions\/297"}],"wp:featuredmedia":[{"embeddable":true,"href":"https:\/\/wildepfalz.de\/index.php?rest_route=\/wp\/v2\/media\/296"}],"wp:attachment":[{"href":"https:\/\/wildepfalz.de\/index.php?rest_route=%2Fwp%2Fv2%2Fmedia&parent=265"}],"wp:term":[{"taxonomy":"product_brand","embeddable":true,"href":"https:\/\/wildepfalz.de\/index.php?rest_route=%2Fwp%2Fv2%2Fproduct_brand&post=265"},{"taxonomy":"product_cat","embeddable":true,"href":"https:\/\/wildepfalz.de\/index.php?rest_route=%2Fwp%2Fv2%2Fproduct_cat&post=265"},{"taxonomy":"product_tag","embeddable":true,"href":"https:\/\/wildepfalz.de\/index.php?rest_route=%2Fwp%2Fv2%2Fproduct_tag&post=265"}],"curies":[{"name":"wp","href":"https:\/\/api.w.org\/{rel}","templated":true}]}}