{"id":449,"date":"2023-11-20T20:08:53","date_gmt":"2023-11-20T19:08:53","guid":{"rendered":"https:\/\/wildepfalz.de\/widerrufsbelehrung\/"},"modified":"2023-11-27T15:08:08","modified_gmt":"2023-11-27T14:08:08","slug":"widerrufsbelehrung","status":"publish","type":"page","link":"https:\/\/wildepfalz.de\/?page_id=449","title":{"rendered":"Widerrufsbelehrung"},"content":{"rendered":"\n<p>Wir m\u00f6chten Sie darauf hinweisen, dass ein generelles R\u00fcckgaberecht bei unseren Produkten nicht besteht, insbesondere da es sich haupts\u00e4chlich um Frischware handelt. Jedes Produkt unterliegt vor dem Versand einer sorgf\u00e4ltigen Qualit\u00e4tskontrolle. Im Falle, dass Sie dennoch besch\u00e4digte oder fehlerhafte Waren erhalten sollten, bitten wir Sie, dies unverz\u00fcglich an wildepfalz.de zu melden. In einem solchen Fall beh\u00e4lt sich wildepfalz.de vor, die betroffene Ware zur\u00fcckzufordern. Eine R\u00fcckerstattung des Kaufpreises oder ein Ersatz des Produktes erfolgt ausschlie\u00dflich nach R\u00fccksendung der betreffenden Ware an uns.<\/p>\n\n\n\n<p>Bitte beachten Sie, dass Sie verpflichtet sind, die Ware unmittelbar bei der Annahme auf eventuelle Fehler oder M\u00e4ngel zu \u00fcberpr\u00fcfen und uns umgehend \u00fcber festgestellte Unstimmigkeiten zu informieren. Ein Widerruf des Kaufvertrages ist bei Frischwaren ausgeschlossen, sofern keine unverz\u00fcgliche M\u00e4ngelanzeige erfolgt.<\/p>\n\n\n\n<p>F\u00fcr den Fall, dass eine Auslieferung zum vorab vereinbarten Termin nicht realisierbar ist, wird die Sendung durch das von uns beauftragte Transportunternehmen an uns zur\u00fcckgesendet. In einem solchen Fall tragen Sie als Kunde die Kosten f\u00fcr die nicht erfolgreiche Zustellung.<\/p>\n","protected":false},"excerpt":{"rendered":"<p>Wir m\u00f6chten Sie darauf hinweisen, dass ein generelles R\u00fcckgaberecht bei unseren Produkten nicht besteht, insbesondere da es sich haupts\u00e4chlich um Frischware handelt. Jedes Produkt unterliegt vor dem Versand einer sorgf\u00e4ltigen Qualit\u00e4tskontrolle. Im Falle, dass Sie dennoch besch\u00e4digte oder fehlerhafte Waren erhalten sollten, bitten wir Sie, dies unverz\u00fcglich an wildepfalz.de zu melden. In einem solchen Fall [&hellip;]<\/p>\n","protected":false},"author":1,"featured_media":0,"parent":0,"menu_order":0,"comment_status":"closed","ping_status":"closed","template":"","meta":{"footnotes":""},"class_list":["post-449","page","type-page","status-publish","hentry"],"_links":{"self":[{"href":"https:\/\/wildepfalz.de\/index.php?rest_route=\/wp\/v2\/pages\/449","targetHints":{"allow":["GET"]}}],"collection":[{"href":"https:\/\/wildepfalz.de\/index.php?rest_route=\/wp\/v2\/pages"}],"about":[{"href":"https:\/\/wildepfalz.de\/index.php?rest_route=\/wp\/v2\/types\/page"}],"author":[{"embeddable":true,"href":"https:\/\/wildepfalz.de\/index.php?rest_route=\/wp\/v2\/users\/1"}],"replies":[{"embeddable":true,"href":"https:\/\/wildepfalz.de\/index.php?rest_route=%2Fwp%2Fv2%2Fcomments&post=449"}],"version-history":[{"count":1,"href":"https:\/\/wildepfalz.de\/index.php?rest_route=\/wp\/v2\/pages\/449\/revisions"}],"predecessor-version":[{"id":592,"href":"https:\/\/wildepfalz.de\/index.php?rest_route=\/wp\/v2\/pages\/449\/revisions\/592"}],"wp:attachment":[{"href":"https:\/\/wildepfalz.de\/index.php?rest_route=%2Fwp%2Fv2%2Fmedia&parent=449"}],"curies":[{"name":"wp","href":"https:\/\/api.w.org\/{rel}","templated":true}]}}